{"id":899,"date":"2019-07-03T12:53:59","date_gmt":"2019-07-03T12:53:59","guid":{"rendered":"https:\/\/tangram.web-urednik.com\/references\/company-reference-list\/"},"modified":"2024-12-04T08:45:50","modified_gmt":"2024-12-04T08:45:50","slug":"company-reference-list","status":"publish","type":"page","link":"https:\/\/tangramprojekt.com\/en\/references\/company-reference-list\/","title":{"rendered":"Company reference list"},"content":{"rendered":"<h1 style=\"color: #ffffff;\">The most significant projects<\/h1>\n<p>We have worked on a large number of projects. We have provided numerous consulting services in the field of road engineering. Performed a review of technical documentation and prepared technical control reports for the same. Performed construction control in the capacity of a supervisory body and performed several technical acceptances. The list of significant projects is presented in the following table.<\/p>\n\n<figure class=\"wp-block-table\"><table><tbody><tr><td><strong>Name of project documentation<\/strong><\/td><td><strong>The customer<\/strong><\/td><td><strong>Year<\/strong><\/td><\/tr><tr><td>Preparation of the report of the commission for technical inspection for 8 traffic connections to SSG state roads owned by NIS ad<\/td><td>ITS Engineering and Technical Services doo<\/td><td>2023.<\/td><\/tr><tr><td>Offer for making changes to the technical solution of the subdivision from km 30+650.07 to km 31+091.90 of the main project of enhanced maintenance of the state road IB-39, section Babu\u0161nica &#8211; Svo\u0111e, from km 25+851 to km 45+385.00, L=19,534km<\/td><td> TRACE GROUP HOLD PLC<\/td><td>2023.<\/td><\/tr><tr><td>Creation of project and technical documentation for the construction of a bicycle path in Banja Junakovi\u0107, Svilojevo<\/td><td>Municipality of Apatin<\/td><td>2023.<\/td><\/tr><tr><td>Carrying out expert supervision on the construction of roads within the Univerexport complex in Sremski Karlovci<\/td><td>&#8220;MOD ARCHITEKT&#8221; LLC<\/td><td>2023.<\/td><\/tr><tr><td>Project of a traffic sign for the extension, reconstruction and adaptation of a business building at 86 Omlandskih Brigada Street in Belgrade<\/td><td>&#8220;BEOEXPERT&#8221; LLC<\/td><td>2023.<\/td><\/tr><tr><td>Traffic area project for a recreational park near SPENS in Novi Sad<\/td><td>&#8220;DBA&#8221; LLC<\/td><td>2023.<\/td><\/tr><tr><td>Traffic road project for warehouse production business building P+1 for Investor Roloplast Mo\u0161i\u0107 in Sremska Mitrovica<\/td><td>&#8220;PENTA.GE.CO&#8221; LTD<\/td><td>2023.<\/td><\/tr><tr><td>Development of a temporary traffic signalization project for the issuance of approval for the temporary reservation of a parking space at 37 Antona \u010cehova Street in Novi Sad<\/td><td>DOO PIP NOVI SAD<\/td><td>2022.<\/td><\/tr><tr><td>Development of the Project of the constructed object (PIO) for the project of enhanced maintenance of the state road IIA 114, section: \u0110ur\u0111evo &#8211; \u0160ajka\u0161, km 27+160 &#8211; km 31+981, L=4,821 km<\/td><td>&#8220;VOJVODINAPUT &#8211; BA\u010cKAPUT&#8221; DOO<\/td><td>2022.<\/td><\/tr><tr><td>Development of the completed object project (PIO) for the works carried out on the section of the Sivac-Stapar road from km 2+110.00 to km 3+970<\/td><td>&#8220;EXTRA-AUTO TRANSPORT&#8221; LLC<\/td><td>2022.<\/td><\/tr><tr><td>Development of traffic and pedestrian communications projects in the &#8220;New Spa&#8221; zone in the Vrdnik municipality<\/td><td>&#8220;DBA&#8221; LLC<\/td><td>2022.<\/td><\/tr><tr><td>Development of a temporary traffic signalization project with the occupation of public space in Bogdana \u0160uputa Street in Novi Sad<\/td><td>INTERIOR JANKOVI\u0106<\/td><td>2022.<\/td><\/tr><tr><td>Carrying out expert supervision on the reconstruction of part of the traffic areas and atmospheric sewage within the &#8220;Hemofarm&#8221; complex at kp 9690\/1 KO Vr\u0161ac, Municipality of Vr\u0161ac<\/td><td>HEMOFARM AD Beogradski put bb, 26<\/td><td>2022.<\/td><\/tr><tr><td>Carrying out expert supervision for the reconstruction\/upgrading of roads inside the former barracks in Vr\u0161ac<\/td><td>Celanova Capital doo Vr\u0161ac<\/td><td>2022.<\/td><\/tr><tr><td>IDP &#8211; Conceptual project of the relocation and reconstruction of the state road IB row no. 21 in the zone of influence of the construction of the dam and reservoir of Pambukovica with accompanying infrastructure<\/td><td>Public water company Srbijavode Belgrade<\/td><td>2022.<\/td><\/tr><tr><td>Preparation of technical documentation (projects for notice boards) with obtaining all necessary consents and the decision of the Ministry of Transport for 7 fuel supply stations<\/td><td>&#8220;EKO SERBIA&#8221; AD<\/td><td>2022.<\/td><\/tr><tr><td>Development of a temporary traffic signalization project during the performance of a sports event &#8211; a road event (car race on the Brus &#8211; Brze\u0107a 2021 mountain tracks) on the state road of the II order number 212.<\/td><td>SPORTS CAR AND KARTING ASSOCIATION OF SERBIA<\/td><td>2022.<\/td><\/tr><tr><td>Development of the traffic connection project to the state road for connecting the complex to kp 404\/1 KO Mili\u0107evo Selo<\/td><td>STEFAN DOO<\/td><td>2021.<\/td><\/tr><tr><td>Traffic road project for the business complex &#8211; Supermarket Super Vero at kp 3850\/8 in Novi Sad<\/td><td>&#8220;ELING PLAN&#8221; LLC<\/td><td>2021.<\/td><\/tr><tr><td>Creation of a geotechnical study, geodetic foundations and road construction project for the reconstruction &#8211; rehabilitation of the streets Dositejeva, Dimitrija Tucovi\u0107a and part of Zelena Gora, which are part of the state road IB row no. 23. Double carriageway for each direction, length of section L=3.5km<\/td><td>City of Kraljevo IJP for arranging construction land &#8220;Kraljevo&#8221;<\/td><td>2021.<\/td><\/tr><tr><td>Carrying out expert supervision on the construction of access roads PP3, PP4, PP5 and PP10 as well as service roads SP1, SP2, SP3, SP4, SP5, SP6 and SP7 SP9, SP10, SP12, all on the territory of the Municipality of Golubac and part of PP10, SP17 and SP18, all on the territory of the Municipality of Ku\u010devo, and all for the construction and exploitation of the &#8220;Kriva\u010da&#8221; Wind Power Plant. The total length of roads L~30km.<\/td><td>IVICOM ENERGY DOO Belgrade<\/td><td>2021-2023<\/td><\/tr><tr><td>Traffic and traffic signaling project for the duration of works on state road IB row no. 22, section Ra\u0161ka &#8211; Novi Pazar<\/td><td>&#8220;Novi Pazar &#8211; put&#8221; doo<\/td><td>2021.<\/td><\/tr><tr><td>PZI &#8211; Construction project for the reconstruction of part of traffic areas and storm sewers within the &#8220;Hemofarm&#8221; complex at kp 9690\/1 KO Vr\u0161ac, Municipality of Vr\u0161ac<\/td><td>HEMOFARM AD Beogradski put bb, 26<\/td><td>2021.<\/td><\/tr><tr><td>The rehabilitation report with the surface water drainage solution represents a part of the state road IIA order number 181 from km 2+850 to km 4+300, L=1.45km<\/td><td>Strabag doo Belgrade Branch road \u010ca\u010dak<\/td><td>2020.<\/td><\/tr><tr><td>IDR &#8211; For the construction of traffic connections of the fuel supply station &#8220;Sokoli\u0107i 1&#8221; to the state road IA order number 2 (Highway &#8220;Milo\u0161 Veliki&#8221;)<\/td><td>NIS ad Novi Sad <\/td><td>2020.<\/td><\/tr><tr><td>PGD \u200b\u200b- Project of temporary traffic signaling during execution for the construction of facilities of the gas distribution network DGM &#8220;Popinci&#8221; pressure MOP 4bar<\/td><td>JP &#8220;Srbijagas&#8221; Novi Sad <\/td><td>2020.<\/td><\/tr><tr><td>The project of temporary traffic signaling during the construction of the Miljkut flyover<\/td><td>&#8220;Corridors of Serbia &#8211; Roads of Serbia&#8221; Belgrade<\/td><td>2020.<\/td><\/tr><tr><td>PIO &#8211; Project of temporary traffic signals for the construction of Highway E-75, section: left lane of the section border crossing &#8220;Kelebija&#8221; &#8211; interchange &#8220;Subotica south&#8221;, SECTOR 1: border crossing &#8220;Kelebija&#8221; &#8211; intersection with state road IB-12 (M-17.1 ), from km 1+320 to km 12+800<\/td><td>&#8220;Corridors of Serbia &#8211; Roads of Serbia&#8221; Belgrade<\/td><td>2020.<\/td><\/tr><tr><td>PIO &#8211; Road rehabilitation and traffic safety improvement project of state road IB29, section: Aljinovi\u0107i &#8211; Sjenica, from km 39+100 to km 52+900<\/td><td>JP &#8220;Roads of Serbia&#8221; Belgrade<\/td><td>2020.<\/td><\/tr><tr><td>Traffic and traffic signalization project during works on state road IB-15 for the diversion of traffic in Kula due to the complete suspension of traffic, section: Kula (Ba\u010dka Topola)-Vrbas (Savino Selo), from km 63+696 to km 73+852<\/td><td>JP &#8220;Roads of Serbia&#8221; Belgrade<\/td><td>2020.<\/td><\/tr><tr><td>IDR &#8211; For the construction of a sewage network in the settlements of Mali Crni\u0107, Veliki Crni\u0107 and Salakovac<\/td><td>Municipality of Malo Crni\u0107e<\/td><td>2020.<\/td><\/tr><tr><td>Project on the found object for a one-way traffic connection for the needs of connecting the fueling station for motor vehicles to the state road IB row number 22, kp 2625 KO Milo\u010daj<\/td><td>&#8220;TRM MEDIC CO&#8221; doo Belgrade<\/td><td>2019.<\/td><\/tr><tr><td>The project on the found object for a two-way traffic connection for the needs of connecting kp 1590\/77 KO Bratinac owned by &#8220;JIGZ Group&#8221; doo Bratinac (Gas station &#8220;P&amp;F&#8221;), to state road IB order number 34, kp 2929 KO Bubu\u0161inac<\/td><td>&#8220;JIGZ GROUP&#8221; doo Bratinac<\/td><td>2019.<\/td><\/tr><tr><td>PGD \u200b\u200b- Project for a building permit for the construction of a parking lot with accompanying infrastructure in Mikole Ko\u010di\u0161a Street in Novi Sad at kp 7663\/1 KO Novi Sad I<\/td><td>PUK &#8220;PARKING SERVICE&#8221; Novi Sad<\/td><td>2019.<\/td><\/tr><tr><td>PGD \u200b\u200b- Project for a building permit for the construction of a traffic connection (inflow\/outflow) from kp 697\/2 KOVrani\u0107i to state road IIB order no. 356, Brezna (Srezojevci) &#8211; Trbu\u0161ani at kp 797 KO Vrani\u0107<\/td><td>&#8220;OLI OGI XXI&#8221; Vrani\u0107i, \u010ca\u010dak<\/td><td>2019.<\/td><\/tr><tr><td>PGD \u200b\u200b- Project for a building permit for the construction of a traffic connection (inflow\/outflow) from kp 2847 KO Gornja Rogatica to state road IIA order no. 106, Kljaji\u0107evo \u2013 Ba\u010dki Sokolac at kp 2967 KO Gornja Rogatica<\/td><td>&#8220;SERAGRO&#8221; doo Novi Sad<\/td><td>2019.<\/td><\/tr><tr><td>Technical documentation of the improvement of the state road IA &#8211; A1 (E-75), Horgo\u0161 &#8211; Novi Sad (right side), Section from km 1+125 to km 14+800, L=13.68km and from km 27+850 to km 54+ 175, L=26.32km, total L=40.00km, width 11.00m <strong> <\/strong><\/td><td>JP &#8220;Roads of Serbia&#8221; Belgrade <\/td><td>2019.<\/td><\/tr><tr><td>PGD \u200b\u200band PZI &#8211; Project for execution of traffic areas with public lighting and accompanying infrastructure in Kralja Petra I Street in Veternik at kp 2169\/2, 2167, 1384\/1, 1389, 2168\/2, 2166, 2165, 521, 2164, 461 , 2163, 419, 391\/2, 2162, 1669\/2, 377\/1, 377\/7, 377\/8 and 2153\/5 KO Veternik<\/td><td>City Administration for Construction Land and Investments, Stevana Branova\u010dko 3, Novi Sad <\/td><td>2018-2020   <\/td><\/tr><tr><td>PZI &#8211; Project for the construction of a pedestrian path on kp 7663\/1 and part of kp 2398 in Od\u017eaci <\/td><td>Construction Directorate Od\u017eaci, Knez Mihajlova 24, 25250 Od\u017eaci<\/td><td>2016.<\/td><\/tr><tr><td>Project of the constructed building, extension (P) and superstructure (Pk) of the &#8220;Radost&#8221; kindergarten facility in Srbobran (87.23m <sup>2<\/sup> + 294.00m <sup>2<\/sup> ), Jovana Popovi\u0107a Street No. 9, Srbobran<\/td><td>Municipality of Srbobran, Street Trg Slobode 2, Srbobran<\/td><td>2014<\/td><\/tr><tr><td>The project of the completed facility, facility for sports and physical culture (P)-no.1, auxiliary building-no. 2, auxiliary building-no. 3, tribune-no. 4, tribune-no. 5, Ulica \u017delezni\u010dka bb, Turija<\/td><td>Municipality of Srbobran, Street Trg Slobode 2, Srbobran<\/td><td>2014<\/td><\/tr><tr><td>The project of the completed facility, facility for sports and physical culture (changing rooms) (P), Ulice Bra\u0107e Jockov bb, Nadalj<\/td><td>Municipality of Srbobran, Street Trg Slobode 2, Srbobran<\/td><td>2014<\/td><\/tr><tr><td>The project of the constructed building, market and ancillary building within the market space in Srbobran (93.96 m <sup>2<\/sup> + 1213.08 m <sup>2<\/sup> ), Popova\u010da venac bb, Srbobran<\/td><td>Municipality of Srbobran, Street Trg Slobode 2, Srbobran<\/td><td>2014<\/td><\/tr><tr><td>The project of the constructed building, residential buildings (P), Ul. \u0110or\u0111e Basti\u0107 no. 2 and no. 4 (66.11 m <sup>2<\/sup> + 67.03 m <sup>2<\/sup> ), Srbobran<\/td><td>Municipality of Srbobran, Street Trg Slobode 2, Srbobran<\/td><td>2014<\/td><\/tr><tr><td>Technical documentation of the improvement of the intersection of the municipal road Od\u017eaci-Ratkovo and the state road II order number 106 at the entrance to Od\u017eake from the direction of Ratkovo (development of the roundabout solution)<\/td><td>JP Directorate for Construction Odzaci<\/td><td>2013<\/td><\/tr><tr><td>The main project of reconstruction and arrangement of the center of Ba\u010dki Gra\u010dac<\/td><td>JP Directorate for Construction Odzaci<\/td><td>2013<\/td><\/tr><tr><td>The main project of reconstruction and arrangement of the center of Deronje<\/td><td>JP Directorate for Construction Odzaci<\/td><td>2013<\/td><\/tr><tr><td>The main reconstruction project of Yuri Gagarin Street in the Central part of Od\u017eak<\/td><td>JP Directorate for Construction Odzaci<\/td><td>2013<\/td><\/tr><tr><td>The main project for the construction of a motor vehicle recycling facility in Ruma<\/td><td>Private investor<\/td><td>2013<\/td><\/tr><tr><td>The main projects of access roads to technological facilities of the main gas pipeline &#8220;South Stream&#8221; (L\u224815km)<\/td><td>Meridian project doo Sombor<\/td><td>2013<\/td><\/tr><tr><td>The main project of the traffic areas of the rehabilitation-tourist resort &#8220;Sanitas&#8221; in the national park &#8220;Fru\u0161ka gora&#8221; in the area of \u200b\u200bKO Irig<\/td><td>Private investor<\/td><td>2012<\/td><\/tr><tr><td>The project for the diversion of traffic in the event of the closure of a section of Beogradski Kej Street in Novi Sad<\/td><td>AZVI SA &#8211; Novi Sad branch<\/td><td>2012<\/td><\/tr><tr><td>The main project for the sports and recreational tourist complex &#8220;Strand&#8221; near Bogojevo<\/td><td>JP Directorate for Construction Odzaci<\/td><td>2011<\/td><\/tr><tr><td>The main project for the construction of a parking lot for passenger vehicles on Amos Komenski Square and \u0160kolska Street in Novi Sad<\/td><td>PUK &#8220;Parking service&#8221; Novi Sad<\/td><td>2011<\/td><\/tr><\/tbody><\/table><\/figure>\n","protected":false},"excerpt":{"rendered":"<p>The most significant projects We have worked on a large number of projects. We have provided numerous consulting services in the field of road engineering. Performed<span class=\"excerpt-hellip\"> [\u2026]<\/span><\/p>\n","protected":false},"author":4,"featured_media":576,"parent":897,"menu_order":0,"comment_status":"closed","ping_status":"closed","template":"","meta":{"footnotes":""},"class_list":["post-899","page","type-page","status-publish","has-post-thumbnail","hentry"],"yoast_head":"<!-- This site is optimized with the Yoast SEO plugin v27.4 - https:\/\/yoast.com\/product\/yoast-seo-wordpress\/ -->\n<title>Company reference list - Tangram projekt<\/title>\n<meta name=\"robots\" content=\"index, follow, max-snippet:-1, max-image-preview:large, max-video-preview:-1\" \/>\n<link rel=\"canonical\" href=\"https:\/\/tangramprojekt.com\/en\/references\/company-reference-list\/\" \/>\n<meta property=\"og:locale\" content=\"en_US\" \/>\n<meta property=\"og:type\" content=\"article\" \/>\n<meta property=\"og:title\" content=\"Company reference list - Tangram projekt\" \/>\n<meta property=\"og:description\" content=\"The most significant projects We have worked on a large number of projects. We have provided numerous consulting services in the field of road engineering. Performed [\u2026]\" \/>\n<meta property=\"og:url\" content=\"https:\/\/tangramprojekt.com\/en\/references\/company-reference-list\/\" \/>\n<meta property=\"og:site_name\" content=\"Tangram projekt\" \/>\n<meta property=\"article:modified_time\" content=\"2024-12-04T08:45:50+00:00\" \/>\n<meta property=\"og:image\" content=\"https:\/\/tangramprojekt.com\/wp-content\/uploads\/2023\/04\/reference.jpg\" \/>\n\t<meta property=\"og:image:width\" content=\"1920\" \/>\n\t<meta property=\"og:image:height\" content=\"736\" \/>\n\t<meta property=\"og:image:type\" content=\"image\/jpeg\" \/>\n<meta name=\"twitter:card\" content=\"summary_large_image\" \/>\n<meta name=\"twitter:label1\" content=\"Est. reading time\" \/>\n\t<meta name=\"twitter:data1\" content=\"8 minutes\" \/>\n<script type=\"application\/ld+json\" class=\"yoast-schema-graph\">{\"@context\":\"https:\\\/\\\/schema.org\",\"@graph\":[{\"@type\":\"WebPage\",\"@id\":\"https:\\\/\\\/tangramprojekt.com\\\/en\\\/references\\\/company-reference-list\\\/\",\"url\":\"https:\\\/\\\/tangramprojekt.com\\\/en\\\/references\\\/company-reference-list\\\/\",\"name\":\"Company reference list - Tangram projekt\",\"isPartOf\":{\"@id\":\"https:\\\/\\\/tangramprojekt.com\\\/en\\\/#website\"},\"primaryImageOfPage\":{\"@id\":\"https:\\\/\\\/tangramprojekt.com\\\/en\\\/references\\\/company-reference-list\\\/#primaryimage\"},\"image\":{\"@id\":\"https:\\\/\\\/tangramprojekt.com\\\/en\\\/references\\\/company-reference-list\\\/#primaryimage\"},\"thumbnailUrl\":\"https:\\\/\\\/tangramprojekt.com\\\/wp-content\\\/uploads\\\/2023\\\/04\\\/reference.jpg\",\"datePublished\":\"2019-07-03T12:53:59+00:00\",\"dateModified\":\"2024-12-04T08:45:50+00:00\",\"breadcrumb\":{\"@id\":\"https:\\\/\\\/tangramprojekt.com\\\/en\\\/references\\\/company-reference-list\\\/#breadcrumb\"},\"inLanguage\":\"en-US\",\"potentialAction\":[{\"@type\":\"ReadAction\",\"target\":[\"https:\\\/\\\/tangramprojekt.com\\\/en\\\/references\\\/company-reference-list\\\/\"]}]},{\"@type\":\"ImageObject\",\"inLanguage\":\"en-US\",\"@id\":\"https:\\\/\\\/tangramprojekt.com\\\/en\\\/references\\\/company-reference-list\\\/#primaryimage\",\"url\":\"https:\\\/\\\/tangramprojekt.com\\\/wp-content\\\/uploads\\\/2023\\\/04\\\/reference.jpg\",\"contentUrl\":\"https:\\\/\\\/tangramprojekt.com\\\/wp-content\\\/uploads\\\/2023\\\/04\\\/reference.jpg\",\"width\":1920,\"height\":736,\"caption\":\"Closeup portrait of unrecognizable successful businessman wearing black formal suit reviewing documents and signing contract during meeting\"},{\"@type\":\"BreadcrumbList\",\"@id\":\"https:\\\/\\\/tangramprojekt.com\\\/en\\\/references\\\/company-reference-list\\\/#breadcrumb\",\"itemListElement\":[{\"@type\":\"ListItem\",\"position\":1,\"name\":\"\u041f\u043e\u0447\u0435\u0442\u043d\u0430\",\"item\":\"https:\\\/\\\/tangramprojekt.com\\\/en\\\/\"},{\"@type\":\"ListItem\",\"position\":2,\"name\":\"References\",\"item\":\"https:\\\/\\\/tangramprojekt.com\\\/en\\\/reference-2\\\/\"},{\"@type\":\"ListItem\",\"position\":3,\"name\":\"Company reference list\"}]},{\"@type\":\"WebSite\",\"@id\":\"https:\\\/\\\/tangramprojekt.com\\\/en\\\/#website\",\"url\":\"https:\\\/\\\/tangramprojekt.com\\\/en\\\/\",\"name\":\"Tangram projekt\",\"description\":\"\",\"publisher\":{\"@id\":\"https:\\\/\\\/tangramprojekt.com\\\/en\\\/#organization\"},\"potentialAction\":[{\"@type\":\"SearchAction\",\"target\":{\"@type\":\"EntryPoint\",\"urlTemplate\":\"https:\\\/\\\/tangramprojekt.com\\\/en\\\/?s={search_term_string}\"},\"query-input\":{\"@type\":\"PropertyValueSpecification\",\"valueRequired\":true,\"valueName\":\"search_term_string\"}}],\"inLanguage\":\"en-US\"},{\"@type\":\"Organization\",\"@id\":\"https:\\\/\\\/tangramprojekt.com\\\/en\\\/#organization\",\"name\":\"Tangram projekt\",\"url\":\"https:\\\/\\\/tangramprojekt.com\\\/en\\\/\",\"logo\":{\"@type\":\"ImageObject\",\"inLanguage\":\"en-US\",\"@id\":\"https:\\\/\\\/tangramprojekt.com\\\/en\\\/#\\\/schema\\\/logo\\\/image\\\/\",\"url\":\"https:\\\/\\\/tangramprojekt.com\\\/wp-content\\\/uploads\\\/2024\\\/01\\\/cropped-ikonica.jpg\",\"contentUrl\":\"https:\\\/\\\/tangramprojekt.com\\\/wp-content\\\/uploads\\\/2024\\\/01\\\/cropped-ikonica.jpg\",\"width\":603,\"height\":145,\"caption\":\"Tangram projekt\"},\"image\":{\"@id\":\"https:\\\/\\\/tangramprojekt.com\\\/en\\\/#\\\/schema\\\/logo\\\/image\\\/\"}}]}<\/script>\n<!-- \/ Yoast SEO plugin. -->","yoast_head_json":{"title":"Company reference list - Tangram projekt","robots":{"index":"index","follow":"follow","max-snippet":"max-snippet:-1","max-image-preview":"max-image-preview:large","max-video-preview":"max-video-preview:-1"},"canonical":"https:\/\/tangramprojekt.com\/en\/references\/company-reference-list\/","og_locale":"en_US","og_type":"article","og_title":"Company reference list - Tangram projekt","og_description":"The most significant projects We have worked on a large number of projects. We have provided numerous consulting services in the field of road engineering. Performed [\u2026]","og_url":"https:\/\/tangramprojekt.com\/en\/references\/company-reference-list\/","og_site_name":"Tangram projekt","article_modified_time":"2024-12-04T08:45:50+00:00","og_image":[{"width":1920,"height":736,"url":"https:\/\/tangramprojekt.com\/wp-content\/uploads\/2023\/04\/reference.jpg","type":"image\/jpeg"}],"twitter_card":"summary_large_image","twitter_misc":{"Est. reading time":"8 minutes"},"schema":{"@context":"https:\/\/schema.org","@graph":[{"@type":"WebPage","@id":"https:\/\/tangramprojekt.com\/en\/references\/company-reference-list\/","url":"https:\/\/tangramprojekt.com\/en\/references\/company-reference-list\/","name":"Company reference list - Tangram projekt","isPartOf":{"@id":"https:\/\/tangramprojekt.com\/en\/#website"},"primaryImageOfPage":{"@id":"https:\/\/tangramprojekt.com\/en\/references\/company-reference-list\/#primaryimage"},"image":{"@id":"https:\/\/tangramprojekt.com\/en\/references\/company-reference-list\/#primaryimage"},"thumbnailUrl":"https:\/\/tangramprojekt.com\/wp-content\/uploads\/2023\/04\/reference.jpg","datePublished":"2019-07-03T12:53:59+00:00","dateModified":"2024-12-04T08:45:50+00:00","breadcrumb":{"@id":"https:\/\/tangramprojekt.com\/en\/references\/company-reference-list\/#breadcrumb"},"inLanguage":"en-US","potentialAction":[{"@type":"ReadAction","target":["https:\/\/tangramprojekt.com\/en\/references\/company-reference-list\/"]}]},{"@type":"ImageObject","inLanguage":"en-US","@id":"https:\/\/tangramprojekt.com\/en\/references\/company-reference-list\/#primaryimage","url":"https:\/\/tangramprojekt.com\/wp-content\/uploads\/2023\/04\/reference.jpg","contentUrl":"https:\/\/tangramprojekt.com\/wp-content\/uploads\/2023\/04\/reference.jpg","width":1920,"height":736,"caption":"Closeup portrait of unrecognizable successful businessman wearing black formal suit reviewing documents and signing contract during meeting"},{"@type":"BreadcrumbList","@id":"https:\/\/tangramprojekt.com\/en\/references\/company-reference-list\/#breadcrumb","itemListElement":[{"@type":"ListItem","position":1,"name":"\u041f\u043e\u0447\u0435\u0442\u043d\u0430","item":"https:\/\/tangramprojekt.com\/en\/"},{"@type":"ListItem","position":2,"name":"References","item":"https:\/\/tangramprojekt.com\/en\/reference-2\/"},{"@type":"ListItem","position":3,"name":"Company reference list"}]},{"@type":"WebSite","@id":"https:\/\/tangramprojekt.com\/en\/#website","url":"https:\/\/tangramprojekt.com\/en\/","name":"Tangram projekt","description":"","publisher":{"@id":"https:\/\/tangramprojekt.com\/en\/#organization"},"potentialAction":[{"@type":"SearchAction","target":{"@type":"EntryPoint","urlTemplate":"https:\/\/tangramprojekt.com\/en\/?s={search_term_string}"},"query-input":{"@type":"PropertyValueSpecification","valueRequired":true,"valueName":"search_term_string"}}],"inLanguage":"en-US"},{"@type":"Organization","@id":"https:\/\/tangramprojekt.com\/en\/#organization","name":"Tangram projekt","url":"https:\/\/tangramprojekt.com\/en\/","logo":{"@type":"ImageObject","inLanguage":"en-US","@id":"https:\/\/tangramprojekt.com\/en\/#\/schema\/logo\/image\/","url":"https:\/\/tangramprojekt.com\/wp-content\/uploads\/2024\/01\/cropped-ikonica.jpg","contentUrl":"https:\/\/tangramprojekt.com\/wp-content\/uploads\/2024\/01\/cropped-ikonica.jpg","width":603,"height":145,"caption":"Tangram projekt"},"image":{"@id":"https:\/\/tangramprojekt.com\/en\/#\/schema\/logo\/image\/"}}]}},"_links":{"self":[{"href":"https:\/\/tangramprojekt.com\/en\/wp-json\/wp\/v2\/pages\/899","targetHints":{"allow":["GET"]}}],"collection":[{"href":"https:\/\/tangramprojekt.com\/en\/wp-json\/wp\/v2\/pages"}],"about":[{"href":"https:\/\/tangramprojekt.com\/en\/wp-json\/wp\/v2\/types\/page"}],"author":[{"embeddable":true,"href":"https:\/\/tangramprojekt.com\/en\/wp-json\/wp\/v2\/users\/4"}],"replies":[{"embeddable":true,"href":"https:\/\/tangramprojekt.com\/en\/wp-json\/wp\/v2\/comments?post=899"}],"version-history":[{"count":1,"href":"https:\/\/tangramprojekt.com\/en\/wp-json\/wp\/v2\/pages\/899\/revisions"}],"predecessor-version":[{"id":906,"href":"https:\/\/tangramprojekt.com\/en\/wp-json\/wp\/v2\/pages\/899\/revisions\/906"}],"up":[{"embeddable":true,"href":"https:\/\/tangramprojekt.com\/en\/wp-json\/wp\/v2\/pages\/897"}],"wp:featuredmedia":[{"embeddable":true,"href":"https:\/\/tangramprojekt.com\/en\/wp-json\/wp\/v2\/media\/576"}],"wp:attachment":[{"href":"https:\/\/tangramprojekt.com\/en\/wp-json\/wp\/v2\/media?parent=899"}],"curies":[{"name":"wp","href":"https:\/\/api.w.org\/{rel}","templated":true}]}}